{"id":23045,"date":"2023-11-22T15:18:42","date_gmt":"2023-11-22T13:18:42","guid":{"rendered":"http:\/\/127.0.0.3:8080\/?page_id=23045"},"modified":"2024-02-06T14:26:43","modified_gmt":"2024-02-06T12:26:43","slug":"kaytto-ja-toimitusehdot","status":"publish","type":"page","link":"https:\/\/www.beatlesweekend.fi\/en\/kaytto-ja-toimitusehdot\/","title":{"rendered":"K\u00e4ytt\u00f6- ja toimitusehdot"},"content":{"rendered":"<div data-elementor-type=\"wp-page\" data-elementor-id=\"23045\" class=\"elementor elementor-23045\" data-elementor-post-type=\"page\">\n\t\t\t\t\t\t<section class=\"elementor-section elementor-top-section elementor-element elementor-element-7380b9b2 elementor-section-content-space-between scheme_dark elementor-section-boxed elementor-section-height-default elementor-section-height-default sc_fly_static\" data-id=\"7380b9b2\" data-element_type=\"section\" data-e-type=\"section\" data-settings=\"{&quot;background_background&quot;:&quot;classic&quot;}\">\n\t\t\t\t\t\t\t<div class=\"elementor-background-overlay\"><\/div>\n\t\t\t\t\t\t\t<div class=\"elementor-container elementor-column-gap-extended\">\n\t\t\t\t\t<div class=\"elementor-column elementor-col-100 elementor-top-column elementor-element elementor-element-ca6fabf sc_content_align_inherit sc_layouts_column_icons_position_left sc_fly_static\" data-id=\"ca6fabf\" data-element_type=\"column\" data-e-type=\"column\">\n\t\t\t<div class=\"elementor-widget-wrap elementor-element-populated\">\n\t\t\t\t\t\t<div class=\"elementor-element elementor-element-779a73e3 sc_fly_static elementor-widget elementor-widget-image\" data-id=\"779a73e3\" data-element_type=\"widget\" data-e-type=\"widget\" data-widget_type=\"image.default\">\n\t\t\t\t<div class=\"elementor-widget-container\">\n\t\t\t\t\t\t\t\t\t\t\t\t\t\t\t<img decoding=\"async\" src=\"https:\/\/www.beatlesweekend.fi\/wp-content\/uploads\/2023\/12\/a4-logo-stroke.png\" title=\"\" alt=\"\" loading=\"lazy\" \/>\t\t\t\t\t\t\t\t\t\t\t\t\t\t\t<\/div>\n\t\t\t\t<\/div>\n\t\t\t\t\t<\/div>\n\t\t<\/div>\n\t\t\t\t\t<\/div>\n\t\t<\/section>\n\t\t\t\t<section class=\"elementor-section elementor-top-section elementor-element elementor-element-d2cd573 elementor-section-boxed elementor-section-height-default elementor-section-height-default sc_fly_static\" data-id=\"d2cd573\" data-element_type=\"section\" data-e-type=\"section\">\n\t\t\t\t\t\t<div class=\"elementor-container elementor-column-gap-extended\">\n\t\t\t\t\t<div class=\"elementor-column elementor-col-100 elementor-top-column elementor-element elementor-element-3266904 sc_content_align_inherit sc_layouts_column_icons_position_left sc_fly_static\" data-id=\"3266904\" data-element_type=\"column\" data-e-type=\"column\">\n\t\t\t<div class=\"elementor-widget-wrap elementor-element-populated\">\n\t\t\t\t\t\t<div class=\"elementor-element elementor-element-4b6d1b5 sc_height_large sc_fly_static elementor-widget elementor-widget-spacer\" data-id=\"4b6d1b5\" data-element_type=\"widget\" data-e-type=\"widget\" data-widget_type=\"spacer.default\">\n\t\t\t\t<div class=\"elementor-widget-container\">\n\t\t\t\t\t\t\t<div class=\"elementor-spacer\">\n\t\t\t<div class=\"elementor-spacer-inner\"><\/div>\n\t\t<\/div>\n\t\t\t\t\t\t<\/div>\n\t\t\t\t<\/div>\n\t\t\t\t\t<\/div>\n\t\t<\/div>\n\t\t\t\t\t<\/div>\n\t\t<\/section>\n\t\t\t\t<section class=\"elementor-section elementor-top-section elementor-element elementor-element-519b1a1 elementor-section-boxed elementor-section-height-default elementor-section-height-default sc_fly_static\" data-id=\"519b1a1\" data-element_type=\"section\" data-e-type=\"section\">\n\t\t\t\t\t\t<div class=\"elementor-container elementor-column-gap-extended\">\n\t\t\t\t\t<div class=\"elementor-column elementor-col-100 elementor-top-column elementor-element elementor-element-2ee5cac sc_content_align_inherit sc_layouts_column_icons_position_left sc_fly_static\" data-id=\"2ee5cac\" data-element_type=\"column\" data-e-type=\"column\">\n\t\t\t<div class=\"elementor-widget-wrap elementor-element-populated\">\n\t\t\t\t\t\t<div class=\"elementor-element elementor-element-d413cb2 sc_fly_static elementor-widget elementor-widget-trx_sc_title\" data-id=\"d413cb2\" data-element_type=\"widget\" data-e-type=\"widget\" data-widget_type=\"trx_sc_title.default\">\n\t\t\t\t<div class=\"elementor-widget-container\">\n\t\t\t\t\t<div\t\tclass=\"sc_title sc_title_default\" ><span class=\"sc_item_subtitle sc_title_subtitle sc_item_subtitle_above sc_item_title_style_default\">Carry that weight<\/span><h1 class=\"sc_item_title sc_title_title sc_item_title_style_default sc_item_title_tag\"\n\t\t\t><span class=\"sc_item_title_text\"> K\u00e4ytt\u00f6- ja toimitusehdot<\/span><\/h1><\/div>\t\t\t\t<\/div>\n\t\t\t\t<\/div>\n\t\t\t\t<div class=\"elementor-element elementor-element-5e80b29 sc_fly_static elementor-widget elementor-widget-spacer\" data-id=\"5e80b29\" data-element_type=\"widget\" data-e-type=\"widget\" data-widget_type=\"spacer.default\">\n\t\t\t\t<div class=\"elementor-widget-container\">\n\t\t\t\t\t\t\t<div class=\"elementor-spacer\">\n\t\t\t<div class=\"elementor-spacer-inner\"><\/div>\n\t\t<\/div>\n\t\t\t\t\t\t<\/div>\n\t\t\t\t<\/div>\n\t\t\t\t<div class=\"elementor-element elementor-element-a9e64f5 sc_fly_static elementor-widget elementor-widget-text-editor\" data-id=\"a9e64f5\" data-element_type=\"widget\" data-e-type=\"widget\" data-widget_type=\"text-editor.default\">\n\t\t\t\t<div class=\"elementor-widget-container\">\n\t\t\t\t\t\t\t\t\t<p>Verkkokauppa<\/p><p>Two of Us Oy<\/p><p>Helsinki Beatles Weekend<\/p><p>2947158-6<\/p><p>Kirkkoniementie 5 C 14<\/p><p>03400 VIHTI<\/p><p>eggman@beatlesweekend.fi<\/p><p>Beatlesweekend.fi on Two of Us Oy:n (2947158-6) yll\u00e4pit\u00e4m\u00e4 verkkokauppa. N\u00e4it\u00e4 sopimusehtoja sovelletaan Two of Us Oy:n ja sen asiakkaiden v\u00e4lisess\u00e4 kauppasuhteessa. Two of Us Oy pid\u00e4tt\u00e4\u00e4 oikeuden muuttaa n\u00e4it\u00e4 sopimusehtoja yksipuolisesti ilman ennakkoilmoitusta. Tilauksiin sovelletaan tilaushetkell\u00e4 voimassaolevia ja hyv\u00e4ksyttyj\u00e4 sopimusehtoja, jotka ilmenev\u00e4t beatlesweekend.fi-verkkokaupan sivulla. Two of Us Oy ei vastaa vahingoista, jotka aiheutuvat force majeure -esteist\u00e4. T\u00e4llaisina estein\u00e4 pidet\u00e4\u00e4n ennalta-arvaamattomia seikkoja tai olosuhteita, joihin Two of Us Oy ei ole toiminnallaan voinut vaikuttaa ja jotka eiv\u00e4t ole kohtuudella ratkaistavissa. Two of Us Oy on velvollinen ilmoittamaan asiakkaalle ensi tilassa t\u00e4llaisista esteist\u00e4.<\/p><p>Two of Us Oy myy tuotteita t\u00e4ysi-ik\u00e4isille yksityishenkil\u00f6ille Suomen alueella. Tuotteiden hinnat ovat euroissa (\u20ac) sis\u00e4lt\u00e4v\u00e4t arvonlis\u00e4veron. Pid\u00e4t\u00e4mme oikeuden hintojen ja toimituskulujen muutoksiin. Varaamme my\u00f6s oikeuden olla toimittamatta tilausta, mik\u00e4li tuotetiedoissa on ollut hintavirhe (esim. tuotteen hinnassa on kirjoitusvirhe), tai jos tuotetta tai sit\u00e4 korvaavaa tuotetta ei ole en\u00e4\u00e4 saatavilla.<\/p><p>Tilaaminen<\/p><p>Tuotteet tilataan verkkokaupan kotisivuilla siirt\u00e4m\u00e4ll\u00e4 ne ostoskoriin ja maksamalla ostoskorin sis\u00e4lt\u00f6 kassapalvelussa. Kaikki asiakastiedot k\u00e4sitell\u00e4\u00e4n luottamuksellisesti. Tilauksen yhteydess\u00e4 kysyttyj\u00e4 yhteystietoja ei k\u00e4ytet\u00e4 muuhun kuin tilauksen toimitukseen tai siin\u00e4 ilmenevien ep\u00e4selvyyksien selvitt\u00e4miseen, ellei erikseen toisin mainita. Tilatessasi verkkokaupasta sinun edellytet\u00e4\u00e4n tutustuneen ja sitoutuneen kulloinkin voimassa oleviin toimitusehtoihin.<\/p><p>Maksaminen ja maksutavat<\/p><p>Verkkokaupan maksuv\u00e4litt\u00e4j\u00e4n\u00e4 toimii Visma Pay (Visma Payments Oy, y-tunnus 2486559-4), joka on rekister\u00f6ity Finanssivalvonnan yll\u00e4pit\u00e4m\u00e4\u00e4n maksulaitosrekisteriin. Maksamiseen siirryt\u00e4\u00e4n Visma Pay -verkkopalvelun kautta ja tiliotteella ja laskulla maksun saajana n\u00e4kyy Visma Pay tai Visma Payments Oy. Visma Pay v\u00e4litt\u00e4\u00e4 maksut verkkokauppiaalle. Maksaminen on turvallista, sill\u00e4 kaikki maksutapahtumaa koskevat tiedot v\u00e4litet\u00e4\u00e4n salattua yhteytt\u00e4 k\u00e4ytt\u00e4en niin ettei kukaan ulkopuolinen taho n\u00e4e maksutapahtuman tietoja.Kauppa syntyy verkkokaupan asiakkaan ja verkkokaupan v\u00e4lille. Verkkokaupan vastuulla ovat kaikki kauppaan liittyv\u00e4t velvoitteet.<\/p><p>https:\/\/www.visma.fi\/vismapay<\/p><p>Visma Pay -palvelun kautta voit maksaa verkkopankkitunnuksilla, lompakolla tai maksukorteilla (credit\/debit). K\u00e4ytett\u00e4viss\u00e4 ovat seuraavat maksutavat: Osuuspankki, Nordea, Danske Bank, Oma S\u00e4\u00e4st\u00f6pankki, S\u00e4\u00e4st\u00f6pankki, Aktia, Paikallisosuuspankit, S-Pankki, Handelsbanken, \u00c5landsbanken, MobilePay, Masterpass, Visa-, Visa Debit-, Visa Electron-, MasterCard- ja Debit MasterCard -kortit.<\/p><p>MobilePay: Voit maksaa MobilePay-lompakollasi mik\u00e4li olet sallinut verkkokaupoissa maksamisen sovelluksen asetuksista. MobilePay-lompakolla suoritetut maksut veloitetaan lompakkoon liitetylt\u00e4 maksukortilta. Mik\u00e4li maksun veloittaminen maksukortilta ep\u00e4onnistuu, MobilePay-lompakolla maksaminen ei ole mahdollista verkkokaupassa.<\/p><p>Pivon k\u00e4ytt\u00f6ehdot: https:\/\/pivo.fi\/kayttoehdot\/pivon-kayttoehdot\/<\/p><p>Visma Pay, Visma Payments Oy (Y-tunnus 2486559-4)<\/p><p>helpdesk@vismapay.com<\/p><p>09 3154 2037 (arkisin klo 9-16)<\/p><p>Tilaus- ja maksuvahvistus<\/p><p>Onnistuneen tilauksen j\u00e4lkeen s\u00e4hk\u00f6postiisi l\u00e4hetet\u00e4\u00e4n tilausvahvistus. Vahvistusviestien l\u00e4hett\u00e4minen edellytt\u00e4\u00e4 s\u00e4hk\u00f6postiosoitteen antamista tilauksen yhteydess\u00e4.<\/p><p>Toimitustavat ja -kulut<\/p><p>Tilauksesi toimituskulut tai mahdollisen ilmaisen toimituksen n\u00e4et toimitus- ja maksutavanvalintasivulla. Toimitamme tilauksen s\u00e4hk\u00f6postilla, Postin tai Matkahuollon kautta kirjattuina tai kirjaamattomina toimituksina. Kirjattuja l\u00e4hetyksi\u00e4 voi seurata l\u00e4hetystunnuksella.<\/p><p>Toimitusaika<\/p><p>Yleisimm\u00e4t toimitusaikamme Suomeen ovat tilauksesta ja toimitustavasta riippuen 0-5 arkip\u00e4iv\u00e4\u00e4. Emme vastaa ylivoimaisen esteen aiheuttamista viiv\u00e4stymisist\u00e4 tai viiv\u00e4stysten aiheuttamista v\u00e4lillisist\u00e4 haitoista. Poikkeavista toimitusajoista tiedotetaan verkkokaupan etusivulla.<\/p><p>Tapahtumalippujen peruutusoikeus ja palautusehdot<\/p><p>Two of Us Oy ei vastaa kadonneista, roskapostiin, varastetuista eik\u00e4 vahingoittuneista lipuista. Saatuasi liput tarkista ne huolellisesti ja s\u00e4ilyt\u00e4 niit\u00e4 huolellisesti.<\/p><p>Lippuja ei voi vaihtaa eik\u00e4 niit\u00e4 lunasteta takaisin. Erikoisalennuksiin (opiskelija-, el\u00e4kel\u00e4isalennukset, yms.) oikeuttavat todistukset on oltava mukana esitykseen tultaessa ja pyydett\u00e4ess\u00e4 esitett\u00e4v\u00e4 tilaisuuden ovimiehelle. Nuorten henkil\u00f6iden tulee vaadittaessa esitt\u00e4\u00e4 henkil\u00f6llisyystodistuksensa tapahtuman j\u00e4rjest\u00e4j\u00e4lle, jos tapahtumaan on ik\u00e4raja.<\/p><p>Alle 18-vuotiaat saavat tehd\u00e4 ostoksia beatlesweekend.fi -verkkokaupassa vain vanhempien luvalla, t\u00e4t\u00e4 emme voi valvoa. Jos olet alaik\u00e4isen vanhempi tai huoltaja, niin sopikaa, mit\u00e4 alaik\u00e4inen saa ostaa. Lippuostoa me emme valitettavasti voi purkaa. Alaik\u00e4iselle ei saa myyd\u00e4 velaksi.<\/p><p>Two of Us Oy:n verkkokaupan maksuvaihtoehdot esitell\u00e4\u00e4n lippujen ostoprosessin aikana.<\/p><p>Pid\u00e4t\u00e4mme oikeuden tarjota korvaavia paikkoja, jos tilauksen tiedot eiv\u00e4t ole tallentuneet t\u00e4ydellisesti tilauksen ja maksun yhteydess\u00e4. Maksutapahtuman yhteydess\u00e4 k\u00e4ytet\u00e4\u00e4n kolmansien osapuolten maksualustaa (maksukorttimaksut, verkkopankkimaksut, ym.), n\u00e4iden h\u00e4iri\u00f6ist\u00e4 Two of Us Oy ei ole vastuussa.<\/p><p>Two of Us Oy on sitoutunut noudattamaan viranomaisten ohjeistusta Koronatodistuksesta. Two of Us Oy ei ole velvollinen palauttamaan lipun hintaa asiakkaalle, mik\u00e4li asiakas ei pysty osoittamaan voimassa olevaa Koronatodistusta osallistuessaan tapahtumaan jossa viranomainen tai muu taho sit\u00e4 edellytt\u00e4\u00e4.<\/p><p>Muiden tuotteiden peruutusoikeus ja palautusehdot<\/p><p>Sinulla on kuluttajansuojalain mukainen oikeus peruuttaa tilauksesi 14 vuorokauden kuluessa tilauksen vastaanottamisesta. Digitaalisissa sis\u00e4ll\u00f6iss\u00e4 ja palveluissa sinulta on ennen maksutapahtumaa pyydetty suostumus peruutusoikeudesta luopumiseen, jotta palvelu tai digitaalinen sis\u00e4lt\u00f6 on voitu toimittaa ennen peruutusoikeuden p\u00e4\u00e4ttymist\u00e4. Peruutusilmoitukseen sinun tulee merkit\u00e4 nimesi, osoitteesi, tilausp\u00e4iv\u00e4, tuote ja se tulee l\u00e4hett\u00e4\u00e4 s\u00e4hk\u00f6postilla osoitteeseen eggman@beatlesweekend.fi tai postitse alla olevaan palautusosoitteeseen. Tuote tulee palauttaa postitse 14 p\u00e4iv\u00e4n kuluessa peruutusilmoituksesta alkuper\u00e4iskunnossa ja alkuper\u00e4ispakkauksessa. Palautuskustannukset ovat asiakkaan vastuulla. Liit\u00e4 kopio peruutusilmoituksesta tuotepalautuksen yhteyteen. Mik\u00e4li tuotetta on k\u00e4ytetty, pid\u00e4t\u00e4mme oikeuden laskuttaa arvonalennuksesta.<\/p><p>Jos haluat palauttaa tai vaihtaa tuotteita tarkistusajan j\u00e4lkeen, ole suoraan yhteydess\u00e4 meihin. Palauttaessasi toimitetun tilauksen, liit\u00e4 siihen mukaan nimesi ja yhteystietosi sek\u00e4 tilinumerosi rahojen palautusta varten. Palautamme maksamasi summan kokonaisuudessaan 14 arkip\u00e4iv\u00e4n kuluessa peruutusilmoituksen saapumisesta, mik\u00e4li tuote on palautettu tai se on todistettavasti annettu postin kuljetettavaksi palautusosoitteeseen.<\/p><p>Palautusosoite:<br \/>Two of Us Oy<\/p><p>Kirkkoniementie 5 C 14<\/p><p>03400 VIHTI<\/p><p>Peruutusoikeus ei koske asiakkaan toivomuksesta valmistettua tai muunneltua tuotetta. Peruutusoikeus ei koske sinet\u00f6ityn\u00e4 toimitettua tavaraa, jonka sinetti on rikottu. Peruutusoikeus ei koske nopeasti pilaantuvia tai vanhentuvia tuotteita.<br \/>Peruutusoikeus ei koske digitaalisia tuotteita.<\/p><p>Lunastamaton paketti<\/p><p>Lunastamatta j\u00e4tt\u00e4minen ei ole sama asia kuin palautus tai peruutus. Lunastamatta j\u00e4tetyst\u00e4 paketista, josta ei ole tehty erillist\u00e4 peruutusilmoitusta, perimme 50 \u20ac maksun.<\/p><p>Ongelmatilanteet ja riita-asiat<\/p><p>Mik\u00e4li tuote on kadonnut tai vioittunut kuljetuksen aikana tai se ei muuten vastaa tilaustasi, tulee sinun ilmoittaa virheest\u00e4 viimeist\u00e4\u00e4n 14 p\u00e4iv\u00e4n kuluessa kirjallisesti Peruutusoikeus ja palautusehdot -kohdassa mainittuun osoitteeseen.<\/p><p>Jos kauppasopimusta koskevaa erimielisyytt\u00e4 ei saada ratkaistuksi osapuolten v\u00e4lisill\u00e4 neuvotteluilla, kuluttaja voi saattaa asian kuluttajariitalautakunnan (www.kuluttajariita.fi) ratkaistavaksi. Ennen asian viemist\u00e4 kuluttajariitalautakunnan k\u00e4sittelyyn kuluttajan tulee olla yhteydess\u00e4 kuluttajaneuvontaan (www.kuluttajaneuvonta.fi). Kuluttajalla on mahdollisuus k\u00e4ytt\u00e4\u00e4 my\u00f6s Euroopan komission yll\u00e4pit\u00e4m\u00e4\u00e4\u00e4 verkkov\u00e4litteist\u00e4 riidanratkaisufoorumia<\/p><p>http:\/\/ec.europa.eu\/odr<\/p><p>Voimassa 17.11.2023 alkaen<\/p><p>Enemm\u00e4n Beatlesi\u00e4 \u2013 Enemm\u00e4n rakkautta<\/p>\t\t\t\t\t\t\t\t<\/div>\n\t\t\t\t<\/div>\n\t\t\t\t<div class=\"elementor-element elementor-element-e85e892 sc_height_huge sc_fly_static elementor-widget elementor-widget-spacer\" data-id=\"e85e892\" data-element_type=\"widget\" data-e-type=\"widget\" data-widget_type=\"spacer.default\">\n\t\t\t\t<div class=\"elementor-widget-container\">\n\t\t\t\t\t\t\t<div class=\"elementor-spacer\">\n\t\t\t<div class=\"elementor-spacer-inner\"><\/div>\n\t\t<\/div>\n\t\t\t\t\t\t<\/div>\n\t\t\t\t<\/div>\n\t\t\t\t\t<\/div>\n\t\t<\/div>\n\t\t\t\t\t<\/div>\n\t\t<\/section>\n\t\t\t\t<\/div>","protected":false},"excerpt":{"rendered":"<p>Carry that weight K\u00e4ytt\u00f6- ja toimitusehdot Verkkokauppa Two of Us Oy Helsinki Beatles Weekend 2947158-6 Kirkkoniementie 5 C 14 03400 VIHTI eggman@beatlesweekend.fi Beatlesweekend.fi on Two of Us Oy:n (2947158-6) yll\u00e4pit\u00e4m\u00e4&hellip;<\/p>","protected":false},"author":1,"featured_media":0,"parent":0,"menu_order":0,"comment_status":"closed","ping_status":"closed","template":"","meta":{"footnotes":""},"class_list":["post-23045","page","type-page","status-publish","hentry"],"yoast_head":"<!-- This site is optimized with the Yoast SEO plugin v27.5 - https:\/\/yoast.com\/product\/yoast-seo-wordpress\/ -->\n<title>K\u00e4ytt\u00f6- ja toimitusehdot - Helsinki Beatles Weekend<\/title>\n<meta name=\"robots\" content=\"index, follow, max-snippet:-1, max-image-preview:large, max-video-preview:-1\" \/>\n<link rel=\"canonical\" href=\"https:\/\/www.beatlesweekend.fi\/en\/kaytto-ja-toimitusehdot\/\" \/>\n<meta property=\"og:locale\" content=\"en_GB\" \/>\n<meta property=\"og:type\" content=\"article\" \/>\n<meta property=\"og:title\" content=\"K\u00e4ytt\u00f6- ja toimitusehdot - Helsinki Beatles Weekend\" \/>\n<meta property=\"og:description\" content=\"Carry that weight K\u00e4ytt\u00f6- ja toimitusehdot Verkkokauppa Two of Us Oy Helsinki Beatles Weekend 2947158-6 Kirkkoniementie 5 C 14 03400 VIHTI eggman@beatlesweekend.fi Beatlesweekend.fi on Two of Us Oy:n (2947158-6) yll\u00e4pit\u00e4m\u00e4&hellip;\" \/>\n<meta property=\"og:url\" content=\"https:\/\/www.beatlesweekend.fi\/en\/kaytto-ja-toimitusehdot\/\" \/>\n<meta property=\"og:site_name\" content=\"Helsinki Beatles Weekend\" \/>\n<meta property=\"article:publisher\" content=\"https:\/\/www.facebook.com\/beatlesweekend\" \/>\n<meta property=\"article:modified_time\" content=\"2024-02-06T12:26:43+00:00\" \/>\n<meta property=\"og:image\" content=\"https:\/\/www.beatlesweekend.fi\/wp-content\/uploads\/2023\/12\/a4-logo-stroke-1024x789.png\" \/>\n<meta name=\"twitter:card\" content=\"summary_large_image\" \/>\n<meta name=\"twitter:label1\" content=\"Estimated reading time\" \/>\n\t<meta name=\"twitter:data1\" content=\"5 minutes\" \/>\n<script type=\"application\/ld+json\" class=\"yoast-schema-graph\">{\"@context\":\"https:\\\/\\\/schema.org\",\"@graph\":[{\"@type\":\"WebPage\",\"@id\":\"https:\\\/\\\/www.beatlesweekend.fi\\\/kaytto-ja-toimitusehdot\\\/\",\"url\":\"https:\\\/\\\/www.beatlesweekend.fi\\\/kaytto-ja-toimitusehdot\\\/\",\"name\":\"K\u00e4ytt\u00f6- ja toimitusehdot - Helsinki Beatles Weekend\",\"isPartOf\":{\"@id\":\"https:\\\/\\\/www.beatlesweekend.fi\\\/#website\"},\"primaryImageOfPage\":{\"@id\":\"https:\\\/\\\/www.beatlesweekend.fi\\\/kaytto-ja-toimitusehdot\\\/#primaryimage\"},\"image\":{\"@id\":\"https:\\\/\\\/www.beatlesweekend.fi\\\/kaytto-ja-toimitusehdot\\\/#primaryimage\"},\"thumbnailUrl\":\"https:\\\/\\\/www.beatlesweekend.fi\\\/wp-content\\\/uploads\\\/2023\\\/12\\\/a4-logo-stroke-1024x789.png\",\"datePublished\":\"2023-11-22T13:18:42+00:00\",\"dateModified\":\"2024-02-06T12:26:43+00:00\",\"breadcrumb\":{\"@id\":\"https:\\\/\\\/www.beatlesweekend.fi\\\/kaytto-ja-toimitusehdot\\\/#breadcrumb\"},\"inLanguage\":\"en-GB\",\"potentialAction\":[{\"@type\":\"ReadAction\",\"target\":[\"https:\\\/\\\/www.beatlesweekend.fi\\\/kaytto-ja-toimitusehdot\\\/\"]}]},{\"@type\":\"ImageObject\",\"inLanguage\":\"en-GB\",\"@id\":\"https:\\\/\\\/www.beatlesweekend.fi\\\/kaytto-ja-toimitusehdot\\\/#primaryimage\",\"url\":\"https:\\\/\\\/www.beatlesweekend.fi\\\/wp-content\\\/uploads\\\/2023\\\/12\\\/a4-logo-stroke-1024x789.png\",\"contentUrl\":\"https:\\\/\\\/www.beatlesweekend.fi\\\/wp-content\\\/uploads\\\/2023\\\/12\\\/a4-logo-stroke-1024x789.png\"},{\"@type\":\"BreadcrumbList\",\"@id\":\"https:\\\/\\\/www.beatlesweekend.fi\\\/kaytto-ja-toimitusehdot\\\/#breadcrumb\",\"itemListElement\":[{\"@type\":\"ListItem\",\"position\":1,\"name\":\"Etusivu\",\"item\":\"https:\\\/\\\/www.beatlesweekend.fi\\\/\"},{\"@type\":\"ListItem\",\"position\":2,\"name\":\"K\u00e4ytt\u00f6- ja toimitusehdot\"}]},{\"@type\":\"WebSite\",\"@id\":\"https:\\\/\\\/www.beatlesweekend.fi\\\/#website\",\"url\":\"https:\\\/\\\/www.beatlesweekend.fi\\\/\",\"name\":\"Helsinki Beatles Weekend\",\"description\":\"Suomen suurin Beatles-festivaali\",\"publisher\":{\"@id\":\"https:\\\/\\\/www.beatlesweekend.fi\\\/#organization\"},\"potentialAction\":[{\"@type\":\"SearchAction\",\"target\":{\"@type\":\"EntryPoint\",\"urlTemplate\":\"https:\\\/\\\/www.beatlesweekend.fi\\\/?s={search_term_string}\"},\"query-input\":{\"@type\":\"PropertyValueSpecification\",\"valueRequired\":true,\"valueName\":\"search_term_string\"}}],\"inLanguage\":\"en-GB\"},{\"@type\":\"Organization\",\"@id\":\"https:\\\/\\\/www.beatlesweekend.fi\\\/#organization\",\"name\":\"Helsinki Beatles Weekend\",\"url\":\"https:\\\/\\\/www.beatlesweekend.fi\\\/\",\"logo\":{\"@type\":\"ImageObject\",\"inLanguage\":\"en-GB\",\"@id\":\"https:\\\/\\\/www.beatlesweekend.fi\\\/#\\\/schema\\\/logo\\\/image\\\/\",\"url\":\"https:\\\/\\\/www.beatlesweekend.fi\\\/wp-content\\\/uploads\\\/2023\\\/11\\\/HBW-logo-1.png\",\"contentUrl\":\"https:\\\/\\\/www.beatlesweekend.fi\\\/wp-content\\\/uploads\\\/2023\\\/11\\\/HBW-logo-1.png\",\"width\":7790,\"height\":5457,\"caption\":\"Helsinki Beatles Weekend\"},\"image\":{\"@id\":\"https:\\\/\\\/www.beatlesweekend.fi\\\/#\\\/schema\\\/logo\\\/image\\\/\"},\"sameAs\":[\"https:\\\/\\\/www.facebook.com\\\/beatlesweekend\",\"https:\\\/\\\/www.youtube.com\\\/@beatlesweekend\"]}]}<\/script>\n<!-- \/ Yoast SEO plugin. -->","yoast_head_json":{"title":"K\u00e4ytt\u00f6- ja toimitusehdot - Helsinki Beatles Weekend","robots":{"index":"index","follow":"follow","max-snippet":"max-snippet:-1","max-image-preview":"max-image-preview:large","max-video-preview":"max-video-preview:-1"},"canonical":"https:\/\/www.beatlesweekend.fi\/en\/kaytto-ja-toimitusehdot\/","og_locale":"en_GB","og_type":"article","og_title":"K\u00e4ytt\u00f6- ja toimitusehdot - Helsinki Beatles Weekend","og_description":"Carry that weight K\u00e4ytt\u00f6- ja toimitusehdot Verkkokauppa Two of Us Oy Helsinki Beatles Weekend 2947158-6 Kirkkoniementie 5 C 14 03400 VIHTI eggman@beatlesweekend.fi Beatlesweekend.fi on Two of Us Oy:n (2947158-6) yll\u00e4pit\u00e4m\u00e4&hellip;","og_url":"https:\/\/www.beatlesweekend.fi\/en\/kaytto-ja-toimitusehdot\/","og_site_name":"Helsinki Beatles Weekend","article_publisher":"https:\/\/www.facebook.com\/beatlesweekend","article_modified_time":"2024-02-06T12:26:43+00:00","og_image":[{"url":"https:\/\/www.beatlesweekend.fi\/wp-content\/uploads\/2023\/12\/a4-logo-stroke-1024x789.png","type":"","width":"","height":""}],"twitter_card":"summary_large_image","twitter_misc":{"Estimated reading time":"5 minutes"},"schema":{"@context":"https:\/\/schema.org","@graph":[{"@type":"WebPage","@id":"https:\/\/www.beatlesweekend.fi\/kaytto-ja-toimitusehdot\/","url":"https:\/\/www.beatlesweekend.fi\/kaytto-ja-toimitusehdot\/","name":"K\u00e4ytt\u00f6- ja toimitusehdot - Helsinki Beatles Weekend","isPartOf":{"@id":"https:\/\/www.beatlesweekend.fi\/#website"},"primaryImageOfPage":{"@id":"https:\/\/www.beatlesweekend.fi\/kaytto-ja-toimitusehdot\/#primaryimage"},"image":{"@id":"https:\/\/www.beatlesweekend.fi\/kaytto-ja-toimitusehdot\/#primaryimage"},"thumbnailUrl":"https:\/\/www.beatlesweekend.fi\/wp-content\/uploads\/2023\/12\/a4-logo-stroke-1024x789.png","datePublished":"2023-11-22T13:18:42+00:00","dateModified":"2024-02-06T12:26:43+00:00","breadcrumb":{"@id":"https:\/\/www.beatlesweekend.fi\/kaytto-ja-toimitusehdot\/#breadcrumb"},"inLanguage":"en-GB","potentialAction":[{"@type":"ReadAction","target":["https:\/\/www.beatlesweekend.fi\/kaytto-ja-toimitusehdot\/"]}]},{"@type":"ImageObject","inLanguage":"en-GB","@id":"https:\/\/www.beatlesweekend.fi\/kaytto-ja-toimitusehdot\/#primaryimage","url":"https:\/\/www.beatlesweekend.fi\/wp-content\/uploads\/2023\/12\/a4-logo-stroke-1024x789.png","contentUrl":"https:\/\/www.beatlesweekend.fi\/wp-content\/uploads\/2023\/12\/a4-logo-stroke-1024x789.png"},{"@type":"BreadcrumbList","@id":"https:\/\/www.beatlesweekend.fi\/kaytto-ja-toimitusehdot\/#breadcrumb","itemListElement":[{"@type":"ListItem","position":1,"name":"Etusivu","item":"https:\/\/www.beatlesweekend.fi\/"},{"@type":"ListItem","position":2,"name":"K\u00e4ytt\u00f6- ja toimitusehdot"}]},{"@type":"WebSite","@id":"https:\/\/www.beatlesweekend.fi\/#website","url":"https:\/\/www.beatlesweekend.fi\/","name":"Helsinki Beatles Weekend","description":"Suomen suurin Beatles-festivaali","publisher":{"@id":"https:\/\/www.beatlesweekend.fi\/#organization"},"potentialAction":[{"@type":"SearchAction","target":{"@type":"EntryPoint","urlTemplate":"https:\/\/www.beatlesweekend.fi\/?s={search_term_string}"},"query-input":{"@type":"PropertyValueSpecification","valueRequired":true,"valueName":"search_term_string"}}],"inLanguage":"en-GB"},{"@type":"Organization","@id":"https:\/\/www.beatlesweekend.fi\/#organization","name":"Helsinki Beatles Weekend","url":"https:\/\/www.beatlesweekend.fi\/","logo":{"@type":"ImageObject","inLanguage":"en-GB","@id":"https:\/\/www.beatlesweekend.fi\/#\/schema\/logo\/image\/","url":"https:\/\/www.beatlesweekend.fi\/wp-content\/uploads\/2023\/11\/HBW-logo-1.png","contentUrl":"https:\/\/www.beatlesweekend.fi\/wp-content\/uploads\/2023\/11\/HBW-logo-1.png","width":7790,"height":5457,"caption":"Helsinki Beatles Weekend"},"image":{"@id":"https:\/\/www.beatlesweekend.fi\/#\/schema\/logo\/image\/"},"sameAs":["https:\/\/www.facebook.com\/beatlesweekend","https:\/\/www.youtube.com\/@beatlesweekend"]}]}},"_links":{"self":[{"href":"https:\/\/www.beatlesweekend.fi\/en\/wp-json\/wp\/v2\/pages\/23045","targetHints":{"allow":["GET"]}}],"collection":[{"href":"https:\/\/www.beatlesweekend.fi\/en\/wp-json\/wp\/v2\/pages"}],"about":[{"href":"https:\/\/www.beatlesweekend.fi\/en\/wp-json\/wp\/v2\/types\/page"}],"author":[{"embeddable":true,"href":"https:\/\/www.beatlesweekend.fi\/en\/wp-json\/wp\/v2\/users\/1"}],"replies":[{"embeddable":true,"href":"https:\/\/www.beatlesweekend.fi\/en\/wp-json\/wp\/v2\/comments?post=23045"}],"version-history":[{"count":10,"href":"https:\/\/www.beatlesweekend.fi\/en\/wp-json\/wp\/v2\/pages\/23045\/revisions"}],"predecessor-version":[{"id":24155,"href":"https:\/\/www.beatlesweekend.fi\/en\/wp-json\/wp\/v2\/pages\/23045\/revisions\/24155"}],"wp:attachment":[{"href":"https:\/\/www.beatlesweekend.fi\/en\/wp-json\/wp\/v2\/media?parent=23045"}],"curies":[{"name":"wp","href":"https:\/\/api.w.org\/{rel}","templated":true}]}}