{"id":23040,"date":"2023-11-22T15:15:30","date_gmt":"2023-11-22T13:15:30","guid":{"rendered":"http:\/\/127.0.0.3:8080\/?page_id=23040"},"modified":"2023-12-10T18:53:02","modified_gmt":"2023-12-10T16:53:02","slug":"tietosuojaseloste","status":"publish","type":"page","link":"https:\/\/www.beatlesweekend.fi\/en\/tietosuojaseloste\/","title":{"rendered":"Tietosuojaseloste"},"content":{"rendered":"<div data-elementor-type=\"wp-page\" data-elementor-id=\"23040\" class=\"elementor elementor-23040\" data-elementor-post-type=\"page\">\n\t\t\t\t\t\t<section class=\"elementor-section elementor-top-section elementor-element elementor-element-776d23a6 elementor-section-content-space-between scheme_dark elementor-section-boxed elementor-section-height-default elementor-section-height-default sc_fly_static\" data-id=\"776d23a6\" data-element_type=\"section\" data-e-type=\"section\" data-settings=\"{&quot;background_background&quot;:&quot;classic&quot;}\">\n\t\t\t\t\t\t\t<div class=\"elementor-background-overlay\"><\/div>\n\t\t\t\t\t\t\t<div class=\"elementor-container elementor-column-gap-extended\">\n\t\t\t\t\t<div class=\"elementor-column elementor-col-100 elementor-top-column elementor-element elementor-element-1b41ef2d sc_content_align_inherit sc_layouts_column_icons_position_left sc_fly_static\" data-id=\"1b41ef2d\" data-element_type=\"column\" data-e-type=\"column\">\n\t\t\t<div class=\"elementor-widget-wrap elementor-element-populated\">\n\t\t\t\t\t\t<div class=\"elementor-element elementor-element-6956718b sc_fly_static elementor-widget elementor-widget-image\" data-id=\"6956718b\" data-element_type=\"widget\" data-e-type=\"widget\" data-widget_type=\"image.default\">\n\t\t\t\t<div class=\"elementor-widget-container\">\n\t\t\t\t\t\t\t\t\t\t\t\t\t\t\t<img decoding=\"async\" src=\"https:\/\/www.beatlesweekend.fi\/wp-content\/uploads\/2023\/12\/a4-logo-stroke.png\" title=\"\" alt=\"\" loading=\"lazy\" \/>\t\t\t\t\t\t\t\t\t\t\t\t\t\t\t<\/div>\n\t\t\t\t<\/div>\n\t\t\t\t\t<\/div>\n\t\t<\/div>\n\t\t\t\t\t<\/div>\n\t\t<\/section>\n\t\t\t\t<section class=\"elementor-section elementor-top-section elementor-element elementor-element-d2cd573 elementor-section-boxed elementor-section-height-default elementor-section-height-default sc_fly_static\" data-id=\"d2cd573\" data-element_type=\"section\" data-e-type=\"section\">\n\t\t\t\t\t\t<div class=\"elementor-container elementor-column-gap-extended\">\n\t\t\t\t\t<div class=\"elementor-column elementor-col-100 elementor-top-column elementor-element elementor-element-3266904 sc_content_align_inherit sc_layouts_column_icons_position_left sc_fly_static\" data-id=\"3266904\" data-element_type=\"column\" data-e-type=\"column\">\n\t\t\t<div class=\"elementor-widget-wrap elementor-element-populated\">\n\t\t\t\t\t\t<div class=\"elementor-element elementor-element-4b6d1b5 sc_height_large sc_fly_static elementor-widget elementor-widget-spacer\" data-id=\"4b6d1b5\" data-element_type=\"widget\" data-e-type=\"widget\" data-widget_type=\"spacer.default\">\n\t\t\t\t<div class=\"elementor-widget-container\">\n\t\t\t\t\t\t\t<div class=\"elementor-spacer\">\n\t\t\t<div class=\"elementor-spacer-inner\"><\/div>\n\t\t<\/div>\n\t\t\t\t\t\t<\/div>\n\t\t\t\t<\/div>\n\t\t\t\t\t<\/div>\n\t\t<\/div>\n\t\t\t\t\t<\/div>\n\t\t<\/section>\n\t\t\t\t<section class=\"elementor-section elementor-top-section elementor-element elementor-element-519b1a1 elementor-section-boxed elementor-section-height-default elementor-section-height-default sc_fly_static\" data-id=\"519b1a1\" data-element_type=\"section\" data-e-type=\"section\">\n\t\t\t\t\t\t<div class=\"elementor-container elementor-column-gap-extended\">\n\t\t\t\t\t<div class=\"elementor-column elementor-col-100 elementor-top-column elementor-element elementor-element-2ee5cac sc_content_align_inherit sc_layouts_column_icons_position_left sc_fly_static\" data-id=\"2ee5cac\" data-element_type=\"column\" data-e-type=\"column\">\n\t\t\t<div class=\"elementor-widget-wrap elementor-element-populated\">\n\t\t\t\t\t\t<div class=\"elementor-element elementor-element-d413cb2 sc_fly_static elementor-widget elementor-widget-trx_sc_title\" data-id=\"d413cb2\" data-element_type=\"widget\" data-e-type=\"widget\" data-widget_type=\"trx_sc_title.default\">\n\t\t\t\t<div class=\"elementor-widget-container\">\n\t\t\t\t\t<div\t\tclass=\"sc_title sc_title_default\" ><span class=\"sc_item_subtitle sc_title_subtitle sc_item_subtitle_above sc_item_title_style_default\">For no one<\/span><h1 class=\"sc_item_title sc_title_title sc_item_title_style_default sc_item_title_tag\"\n\t\t\t><span class=\"sc_item_title_text\">Tietosuojaseloste<\/span><\/h1><\/div>\t\t\t\t<\/div>\n\t\t\t\t<\/div>\n\t\t\t\t<div class=\"elementor-element elementor-element-86861c1 sc_fly_static elementor-widget elementor-widget-spacer\" data-id=\"86861c1\" data-element_type=\"widget\" data-e-type=\"widget\" data-widget_type=\"spacer.default\">\n\t\t\t\t<div class=\"elementor-widget-container\">\n\t\t\t\t\t\t\t<div class=\"elementor-spacer\">\n\t\t\t<div class=\"elementor-spacer-inner\"><\/div>\n\t\t<\/div>\n\t\t\t\t\t\t<\/div>\n\t\t\t\t<\/div>\n\t\t\t\t<div class=\"elementor-element elementor-element-a9e64f5 sc_fly_static elementor-widget elementor-widget-text-editor\" data-id=\"a9e64f5\" data-element_type=\"widget\" data-e-type=\"widget\" data-widget_type=\"text-editor.default\">\n\t\t\t\t<div class=\"elementor-widget-container\">\n\t\t\t\t\t\t\t\t\t<p>Henkil\u00f6tietolain (523\/1999) 10 ja 24 \u00a7:n ja EU:n yleisen tietosuoja-asetuksen GDPR mukainen tietosuojaseloste.<\/p><p>1. Rekisterinpit\u00e4j\u00e4<br \/>Two of Us Oy 2947158-6<br \/>Kirkkoniementie 5 C 14, 03400 Vihti<\/p><p>2. Rekisterist\u00e4 vastaava yhteyshenkil\u00f6<br \/>Ville Tinnil\u00e4<br \/>eggman@beatlesweekend.fi<\/p><p>3. Rekisterin nimi<br \/>Beatles Weekend -markkinointirekisteri<\/p><p>4. Henkil\u00f6tietojen k\u00e4sittelyn tarkoitus<br \/>Rekisterin henkil\u00f6tietoja voidaan k\u00e4ytt\u00e4\u00e4 Beatles Weekend -tapahtuman markkinointiin, tiedotukseen ja tilastointiin s\u00e4hk\u00f6postilla. Uutiskirjeen tilaaminen on mahdollista lopettaa jokaisessa uutiskirjeess\u00e4 olevan linkin kautta. Rekisterin tietoja s\u00e4ilytet\u00e4\u00e4n vain tarkoituksenmukaisen ajan.<\/p><p>5. Rekisterin tietosis\u00e4lt\u00f6<br \/>Rekisteriin tallennetaan seuraavat tiedot tai osa seuraavista tiedoista: Nimi, s\u00e4hk\u00f6postiosoite, postiosoite ja puhelinnumero.<\/p><p>6. S\u00e4\u00e4nn\u00f6nmukaiset tietol\u00e4hteet<br \/>Rekisteriin tiedot saadaan asiakkaalta kotisivun lomakkeilla, s\u00e4hk\u00f6postitse, puhelimitse, sosiaalisen median palvelujen kautta, sopimuksista, tapaamisista ja muista vastaavista, joissa asiakas itse luovuttaa tietonsa ja hyv\u00e4ksyy niiden k\u00e4yt\u00f6n.<\/p><p>7. Tietojen s\u00e4\u00e4nn\u00f6nmukaiset luovutus ja siirto EU:n tai ETA:n ulkopuolelle<br \/>Two of Us Oy k\u00e4ytt\u00e4\u00e4 yhdysvaltalaista Mailchimp yhti\u00f6t\u00e4 s\u00e4hk\u00f6postimarkkinoinnissa. N\u00e4in ollen henkil\u00f6tietoja siirtyy Euroopan Unionin ulkopuolelle. MailChimp kuuluu USA:n ja EU:n v\u00e4lisen EU-U.S. Privacy Shield Framework piiriin ja tiedot ovat t\u00e4ten suojattu. MailChimpille siirret\u00e4\u00e4n automaattisesti k\u00e4ytt\u00e4jist\u00e4 etunimi, sukunimi, s\u00e4hk\u00f6postiosoite tai pelk\u00e4st\u00e4\u00e4n s\u00e4hk\u00f6postiosoite.<\/p><p>Tietoja ei luovuteta muille ulkopuolisille, paitsi tilanteessa jossa laki n\u00e4in edellytt\u00e4\u00e4.<\/p><p>8. Suojauksen periaatteet<br \/>Rekisteri tallennetaan MailChimp -palveluun. K\u00e4ytt\u00f6oikeus MailChimp-palveluun sallitaan vain salassapitovelvollisille ja rekisterin k\u00e4ytt\u00e4miseen perehdytetyille henkil\u00f6ille.<\/p><p>9. Analytiikka ja kohdentaminen<br \/>Ker\u00e4\u00e4mme sek\u00e4 yksil\u00f6ivien henkil\u00f6tietojen lis\u00e4ksi anonyymej\u00e4 tilastoja verkkosivustovierailuista. K\u00e4yt\u00e4mme verkkopalvelussa ev\u00e4steit\u00e4 ja k\u00e4vij\u00e4seurantaa. K\u00e4vij\u00e4 voi halutessasi kielt\u00e4\u00e4 seurantaev\u00e4steiden k\u00e4yt\u00f6n. Kielto saattaa kuitenkin vaikuttaa verkkopalvelun toimivuuteen.<\/p><p>Anonyymi verkkovierailua koskevan tiedon ker\u00e4\u00e4miseen k\u00e4yt\u00e4mme: Google Analyticsi\u00e4 ja Hotjaria. Vierailusi perusteella saatamme tehd\u00e4 sinulle kohdennettua mainontaa. Olemme upottaneet verkkosivustollemme seuraavia palveluiden ty\u00f6kaluja, mitk\u00e4 saattavat lis\u00e4t\u00e4 ev\u00e4stetiedon selaimeesi: Facebook Pixel ja Google Remarketing.<\/p><p>10. Rekister\u00f6idyn oikeudet<br \/>Jokaisella rekisteriin liitetyll\u00e4 henkil\u00f6ll\u00e4 on oikeus tarkistaa rekisteriin liitetyt tiedot, oikaista puutteelliset tai virheelliset tiedot, sek\u00e4 poistaa tietonsa rekisterist\u00e4. Jokaisessa uutiskirjeess\u00f6 on linkki, mink\u00e4 kautta voi tehd\u00e4 edell\u00e4mainitut toimenpiteet. Tarkistus, muutos ja poisto voidaan pyyt\u00e4\u00e4 my\u00f6s suoraan rekisterinpit\u00e4j\u00e4lt\u00e4. Lis\u00e4ksi rekister\u00f6idyill\u00e4 on EU:n yleisen tietosuoja-asetuksen mukaiset oikeudet, kuten tietojen k\u00e4sittelyn rajoittaminen tietyiss\u00e4 tilanteissa. Pyynn\u00f6t suoraan rekisterinpit\u00e4j\u00e4lt\u00e4 ja rajoituspyynn\u00f6t tulee aina l\u00e4hett\u00e4\u00e4 kirjallisesti postilla rekisterinpit\u00e4j\u00e4lle. Tarvittaessa rekisterinpit\u00e4j\u00e4 voi vaatia pyynn\u00f6n esitt\u00e4j\u00e4\u00e4 todistamaan henkil\u00f6llisyytens\u00e4.<\/p><p>Voimassa 1.9.2019 alkaen<br \/>Enemm\u00e4n Beatlesi\u00e4 \u2013 Enemm\u00e4n rakkautta<\/p>\t\t\t\t\t\t\t\t<\/div>\n\t\t\t\t<\/div>\n\t\t\t\t<div class=\"elementor-element elementor-element-e85e892 sc_height_huge sc_fly_static elementor-widget elementor-widget-spacer\" data-id=\"e85e892\" data-element_type=\"widget\" data-e-type=\"widget\" data-widget_type=\"spacer.default\">\n\t\t\t\t<div class=\"elementor-widget-container\">\n\t\t\t\t\t\t\t<div class=\"elementor-spacer\">\n\t\t\t<div class=\"elementor-spacer-inner\"><\/div>\n\t\t<\/div>\n\t\t\t\t\t\t<\/div>\n\t\t\t\t<\/div>\n\t\t\t\t\t<\/div>\n\t\t<\/div>\n\t\t\t\t\t<\/div>\n\t\t<\/section>\n\t\t\t\t<\/div>","protected":false},"excerpt":{"rendered":"<p>For no one Tietosuojaseloste Henkil\u00f6tietolain (523\/1999) 10 ja 24 \u00a7:n ja EU:n yleisen tietosuoja-asetuksen GDPR mukainen tietosuojaseloste. 1. Rekisterinpit\u00e4j\u00e4Two of Us Oy 2947158-6Kirkkoniementie 5 C 14, 03400 Vihti 2. Rekisterist\u00e4&hellip;<\/p>","protected":false},"author":1,"featured_media":0,"parent":0,"menu_order":0,"comment_status":"closed","ping_status":"closed","template":"","meta":{"footnotes":""},"class_list":["post-23040","page","type-page","status-publish","hentry"],"yoast_head":"<!-- This site is optimized with the Yoast SEO plugin v27.5 - https:\/\/yoast.com\/product\/yoast-seo-wordpress\/ -->\n<title>Tietosuojaseloste - Helsinki Beatles Weekend<\/title>\n<meta name=\"robots\" content=\"index, follow, max-snippet:-1, max-image-preview:large, max-video-preview:-1\" \/>\n<link rel=\"canonical\" href=\"https:\/\/www.beatlesweekend.fi\/en\/tietosuojaseloste\/\" \/>\n<meta property=\"og:locale\" content=\"en_GB\" \/>\n<meta property=\"og:type\" content=\"article\" \/>\n<meta property=\"og:title\" content=\"Tietosuojaseloste - Helsinki Beatles Weekend\" \/>\n<meta property=\"og:description\" content=\"For no one Tietosuojaseloste Henkil\u00f6tietolain (523\/1999) 10 ja 24 \u00a7:n ja EU:n yleisen tietosuoja-asetuksen GDPR mukainen tietosuojaseloste. 1. Rekisterinpit\u00e4j\u00e4Two of Us Oy 2947158-6Kirkkoniementie 5 C 14, 03400 Vihti 2. Rekisterist\u00e4&hellip;\" \/>\n<meta property=\"og:url\" content=\"https:\/\/www.beatlesweekend.fi\/en\/tietosuojaseloste\/\" \/>\n<meta property=\"og:site_name\" content=\"Helsinki Beatles Weekend\" \/>\n<meta property=\"article:publisher\" content=\"https:\/\/www.facebook.com\/beatlesweekend\" \/>\n<meta property=\"article:modified_time\" content=\"2023-12-10T16:53:02+00:00\" \/>\n<meta property=\"og:image\" content=\"https:\/\/www.beatlesweekend.fi\/wp-content\/uploads\/2023\/12\/a4-logo-stroke-1024x789.png\" \/>\n<meta name=\"twitter:card\" content=\"summary_large_image\" \/>\n<meta name=\"twitter:label1\" content=\"Estimated reading time\" \/>\n\t<meta name=\"twitter:data1\" content=\"2 minutes\" \/>\n<script type=\"application\/ld+json\" class=\"yoast-schema-graph\">{\"@context\":\"https:\\\/\\\/schema.org\",\"@graph\":[{\"@type\":\"WebPage\",\"@id\":\"https:\\\/\\\/www.beatlesweekend.fi\\\/tietosuojaseloste\\\/\",\"url\":\"https:\\\/\\\/www.beatlesweekend.fi\\\/tietosuojaseloste\\\/\",\"name\":\"Tietosuojaseloste - Helsinki Beatles Weekend\",\"isPartOf\":{\"@id\":\"https:\\\/\\\/www.beatlesweekend.fi\\\/#website\"},\"primaryImageOfPage\":{\"@id\":\"https:\\\/\\\/www.beatlesweekend.fi\\\/tietosuojaseloste\\\/#primaryimage\"},\"image\":{\"@id\":\"https:\\\/\\\/www.beatlesweekend.fi\\\/tietosuojaseloste\\\/#primaryimage\"},\"thumbnailUrl\":\"https:\\\/\\\/www.beatlesweekend.fi\\\/wp-content\\\/uploads\\\/2023\\\/12\\\/a4-logo-stroke-1024x789.png\",\"datePublished\":\"2023-11-22T13:15:30+00:00\",\"dateModified\":\"2023-12-10T16:53:02+00:00\",\"breadcrumb\":{\"@id\":\"https:\\\/\\\/www.beatlesweekend.fi\\\/tietosuojaseloste\\\/#breadcrumb\"},\"inLanguage\":\"en-GB\",\"potentialAction\":[{\"@type\":\"ReadAction\",\"target\":[\"https:\\\/\\\/www.beatlesweekend.fi\\\/tietosuojaseloste\\\/\"]}]},{\"@type\":\"ImageObject\",\"inLanguage\":\"en-GB\",\"@id\":\"https:\\\/\\\/www.beatlesweekend.fi\\\/tietosuojaseloste\\\/#primaryimage\",\"url\":\"https:\\\/\\\/www.beatlesweekend.fi\\\/wp-content\\\/uploads\\\/2023\\\/12\\\/a4-logo-stroke-1024x789.png\",\"contentUrl\":\"https:\\\/\\\/www.beatlesweekend.fi\\\/wp-content\\\/uploads\\\/2023\\\/12\\\/a4-logo-stroke-1024x789.png\"},{\"@type\":\"BreadcrumbList\",\"@id\":\"https:\\\/\\\/www.beatlesweekend.fi\\\/tietosuojaseloste\\\/#breadcrumb\",\"itemListElement\":[{\"@type\":\"ListItem\",\"position\":1,\"name\":\"Etusivu\",\"item\":\"https:\\\/\\\/www.beatlesweekend.fi\\\/\"},{\"@type\":\"ListItem\",\"position\":2,\"name\":\"Tietosuojaseloste\"}]},{\"@type\":\"WebSite\",\"@id\":\"https:\\\/\\\/www.beatlesweekend.fi\\\/#website\",\"url\":\"https:\\\/\\\/www.beatlesweekend.fi\\\/\",\"name\":\"Helsinki Beatles Weekend\",\"description\":\"Suomen suurin Beatles-festivaali\",\"publisher\":{\"@id\":\"https:\\\/\\\/www.beatlesweekend.fi\\\/#organization\"},\"potentialAction\":[{\"@type\":\"SearchAction\",\"target\":{\"@type\":\"EntryPoint\",\"urlTemplate\":\"https:\\\/\\\/www.beatlesweekend.fi\\\/?s={search_term_string}\"},\"query-input\":{\"@type\":\"PropertyValueSpecification\",\"valueRequired\":true,\"valueName\":\"search_term_string\"}}],\"inLanguage\":\"en-GB\"},{\"@type\":\"Organization\",\"@id\":\"https:\\\/\\\/www.beatlesweekend.fi\\\/#organization\",\"name\":\"Helsinki Beatles Weekend\",\"url\":\"https:\\\/\\\/www.beatlesweekend.fi\\\/\",\"logo\":{\"@type\":\"ImageObject\",\"inLanguage\":\"en-GB\",\"@id\":\"https:\\\/\\\/www.beatlesweekend.fi\\\/#\\\/schema\\\/logo\\\/image\\\/\",\"url\":\"https:\\\/\\\/www.beatlesweekend.fi\\\/wp-content\\\/uploads\\\/2023\\\/11\\\/HBW-logo-1.png\",\"contentUrl\":\"https:\\\/\\\/www.beatlesweekend.fi\\\/wp-content\\\/uploads\\\/2023\\\/11\\\/HBW-logo-1.png\",\"width\":7790,\"height\":5457,\"caption\":\"Helsinki Beatles Weekend\"},\"image\":{\"@id\":\"https:\\\/\\\/www.beatlesweekend.fi\\\/#\\\/schema\\\/logo\\\/image\\\/\"},\"sameAs\":[\"https:\\\/\\\/www.facebook.com\\\/beatlesweekend\",\"https:\\\/\\\/www.youtube.com\\\/@beatlesweekend\"]}]}<\/script>\n<!-- \/ Yoast SEO plugin. -->","yoast_head_json":{"title":"Tietosuojaseloste - Helsinki Beatles Weekend","robots":{"index":"index","follow":"follow","max-snippet":"max-snippet:-1","max-image-preview":"max-image-preview:large","max-video-preview":"max-video-preview:-1"},"canonical":"https:\/\/www.beatlesweekend.fi\/en\/tietosuojaseloste\/","og_locale":"en_GB","og_type":"article","og_title":"Tietosuojaseloste - Helsinki Beatles Weekend","og_description":"For no one Tietosuojaseloste Henkil\u00f6tietolain (523\/1999) 10 ja 24 \u00a7:n ja EU:n yleisen tietosuoja-asetuksen GDPR mukainen tietosuojaseloste. 1. Rekisterinpit\u00e4j\u00e4Two of Us Oy 2947158-6Kirkkoniementie 5 C 14, 03400 Vihti 2. Rekisterist\u00e4&hellip;","og_url":"https:\/\/www.beatlesweekend.fi\/en\/tietosuojaseloste\/","og_site_name":"Helsinki Beatles Weekend","article_publisher":"https:\/\/www.facebook.com\/beatlesweekend","article_modified_time":"2023-12-10T16:53:02+00:00","og_image":[{"url":"https:\/\/www.beatlesweekend.fi\/wp-content\/uploads\/2023\/12\/a4-logo-stroke-1024x789.png","type":"","width":"","height":""}],"twitter_card":"summary_large_image","twitter_misc":{"Estimated reading time":"2 minutes"},"schema":{"@context":"https:\/\/schema.org","@graph":[{"@type":"WebPage","@id":"https:\/\/www.beatlesweekend.fi\/tietosuojaseloste\/","url":"https:\/\/www.beatlesweekend.fi\/tietosuojaseloste\/","name":"Tietosuojaseloste - Helsinki Beatles Weekend","isPartOf":{"@id":"https:\/\/www.beatlesweekend.fi\/#website"},"primaryImageOfPage":{"@id":"https:\/\/www.beatlesweekend.fi\/tietosuojaseloste\/#primaryimage"},"image":{"@id":"https:\/\/www.beatlesweekend.fi\/tietosuojaseloste\/#primaryimage"},"thumbnailUrl":"https:\/\/www.beatlesweekend.fi\/wp-content\/uploads\/2023\/12\/a4-logo-stroke-1024x789.png","datePublished":"2023-11-22T13:15:30+00:00","dateModified":"2023-12-10T16:53:02+00:00","breadcrumb":{"@id":"https:\/\/www.beatlesweekend.fi\/tietosuojaseloste\/#breadcrumb"},"inLanguage":"en-GB","potentialAction":[{"@type":"ReadAction","target":["https:\/\/www.beatlesweekend.fi\/tietosuojaseloste\/"]}]},{"@type":"ImageObject","inLanguage":"en-GB","@id":"https:\/\/www.beatlesweekend.fi\/tietosuojaseloste\/#primaryimage","url":"https:\/\/www.beatlesweekend.fi\/wp-content\/uploads\/2023\/12\/a4-logo-stroke-1024x789.png","contentUrl":"https:\/\/www.beatlesweekend.fi\/wp-content\/uploads\/2023\/12\/a4-logo-stroke-1024x789.png"},{"@type":"BreadcrumbList","@id":"https:\/\/www.beatlesweekend.fi\/tietosuojaseloste\/#breadcrumb","itemListElement":[{"@type":"ListItem","position":1,"name":"Etusivu","item":"https:\/\/www.beatlesweekend.fi\/"},{"@type":"ListItem","position":2,"name":"Tietosuojaseloste"}]},{"@type":"WebSite","@id":"https:\/\/www.beatlesweekend.fi\/#website","url":"https:\/\/www.beatlesweekend.fi\/","name":"Helsinki Beatles Weekend","description":"Suomen suurin Beatles-festivaali","publisher":{"@id":"https:\/\/www.beatlesweekend.fi\/#organization"},"potentialAction":[{"@type":"SearchAction","target":{"@type":"EntryPoint","urlTemplate":"https:\/\/www.beatlesweekend.fi\/?s={search_term_string}"},"query-input":{"@type":"PropertyValueSpecification","valueRequired":true,"valueName":"search_term_string"}}],"inLanguage":"en-GB"},{"@type":"Organization","@id":"https:\/\/www.beatlesweekend.fi\/#organization","name":"Helsinki Beatles Weekend","url":"https:\/\/www.beatlesweekend.fi\/","logo":{"@type":"ImageObject","inLanguage":"en-GB","@id":"https:\/\/www.beatlesweekend.fi\/#\/schema\/logo\/image\/","url":"https:\/\/www.beatlesweekend.fi\/wp-content\/uploads\/2023\/11\/HBW-logo-1.png","contentUrl":"https:\/\/www.beatlesweekend.fi\/wp-content\/uploads\/2023\/11\/HBW-logo-1.png","width":7790,"height":5457,"caption":"Helsinki Beatles Weekend"},"image":{"@id":"https:\/\/www.beatlesweekend.fi\/#\/schema\/logo\/image\/"},"sameAs":["https:\/\/www.facebook.com\/beatlesweekend","https:\/\/www.youtube.com\/@beatlesweekend"]}]}},"_links":{"self":[{"href":"https:\/\/www.beatlesweekend.fi\/en\/wp-json\/wp\/v2\/pages\/23040","targetHints":{"allow":["GET"]}}],"collection":[{"href":"https:\/\/www.beatlesweekend.fi\/en\/wp-json\/wp\/v2\/pages"}],"about":[{"href":"https:\/\/www.beatlesweekend.fi\/en\/wp-json\/wp\/v2\/types\/page"}],"author":[{"embeddable":true,"href":"https:\/\/www.beatlesweekend.fi\/en\/wp-json\/wp\/v2\/users\/1"}],"replies":[{"embeddable":true,"href":"https:\/\/www.beatlesweekend.fi\/en\/wp-json\/wp\/v2\/comments?post=23040"}],"version-history":[{"count":7,"href":"https:\/\/www.beatlesweekend.fi\/en\/wp-json\/wp\/v2\/pages\/23040\/revisions"}],"predecessor-version":[{"id":23684,"href":"https:\/\/www.beatlesweekend.fi\/en\/wp-json\/wp\/v2\/pages\/23040\/revisions\/23684"}],"wp:attachment":[{"href":"https:\/\/www.beatlesweekend.fi\/en\/wp-json\/wp\/v2\/media?parent=23040"}],"curies":[{"name":"wp","href":"https:\/\/api.w.org\/{rel}","templated":true}]}}